{"id":41,"date":"2020-03-07T14:05:51","date_gmt":"2020-03-07T13:05:51","guid":{"rendered":"http:\/\/localhost\/?page_id=41"},"modified":"2022-08-11T20:24:41","modified_gmt":"2022-08-11T18:24:41","slug":"dzieci","status":"publish","type":"page","link":"https:\/\/asclub.edu.pl\/?page_id=41","title":{"rendered":"Zaj\u0119cia grupowe"},"content":{"rendered":"\n<div class=\"wp-block-columns\">\n<div class=\"wp-block-column is-vertically-aligned-left force :focus\" style=\"flex-basis:33.3%;\/*\">\n<center><div class=\"wp-block-image size-thumbnail\"><figure class=\"aligncenter is-resized\"> <a href=\"https:\/\/asclub.edu.pl\/?page_id=41&amp;page=2\"><img loading=\"lazy\" decoding=\"async\" src=\"https:\/\/asclub.edu.pl\/wp-content\/uploads\/2020\/08\/IMG_0540-scaled.jpg\" alt=\"\" class=\"wp-image-210\" width=\"210\" height=\"117\" srcset=\"https:\/\/asclub.edu.pl\/wp-content\/uploads\/2020\/08\/IMG_0540-scaled.jpg 759w, https:\/\/asclub.edu.pl\/wp-content\/uploads\/2020\/08\/IMG_0540-scaled.jpg 300w\" sizes=\"(max-width: 180px) 100vw, 180px\"><\/a><figcaption><a href=\"https:\/\/asclub.edu.pl\/?page_id=41&amp;page=2\">Warsztaty matematyczne<\/a><\/figcaption><\/figure><\/center>\n<\/div>\n\n\n\n<div class=\"wp-block-column is-vertically-aligned-center\" style=\"flex-basis:33.3%\">\n<center><div class=\"wp-block-image size-thumbnail\"><figure class=\"aligncenter is-resized\"><a href=\"https:\/\/asclub.edu.pl\/?page_id=41&amp;page=3\"><img loading=\"lazy\" decoding=\"async\" src=\"https:\/\/asclub.edu.pl\/wp-content\/uploads\/2020\/08\/IMG_0550-scaled.jpg\" alt=\"\" class=\"wp-image-210\" width=\"210\" height=\"117\" srcset=\"https:\/\/asclub.edu.pl\/wp-content\/uploads\/2020\/08\/IMG_0550-scaled.jpg 759w, https:\/\/asclub.edu.pl\/wp-content\/uploads\/2020\/08\/IMG_0550-scaled.jpg 300w\" sizes=\"(max-width: 180px) 100vw, 180px\"><\/a><figcaption><a href=\"https:\/\/asclub.edu.pl\/?page_id=41&amp;page=3\">J\u0119zyk angielski\/hiszpa\u0144ski<\/a><\/figcaption><\/figure><\/div><\/center>\n\n\n\n<p><\/p>\n<\/div>\n\n\n\n<div class=\"wp-block-column is-vertically-aligned-top\" style=\"flex-basis:33.3%\">\n<center><div class=\"wp-block-image size-thumbnail\"><figure class=\"aligncenter size-large is-resized\"><a href=\"https:\/\/asclub.edu.pl\/?page_id=41&amp;page=4\"><img loading=\"lazy\" decoding=\"async\" src=\"https:\/\/asclub.edu.pl\/wp-content\/uploads\/2020\/06\/sala.png\" alt=\"\" class=\"wp-image-230\" width=\"210\" height=\"117\" srcset=\"https:\/\/asclub.edu.pl\/wp-content\/uploads\/2020\/06\/sala.png 759w, https:\/\/asclub.edu.pl\/wp-content\/uploads\/2020\/06\/sala-300x194.png 300w\" sizes=\"(max-width: 180px) 100vw, 180px\"><\/a><figcaption><a href=\"https:\/\/asclub.edu.pl\/?page_id=41&amp;page=4\">Zaj\u0119cia artystyczne<\/a><\/figcaption><\/figure><\/div><\/center>\n\n\n\n<p><\/p>\n<\/div>\n<\/div>\n\n\n\n<!--nextpage-->\n\n\n\n<div class=\"wp-block-columns\">\n<div class=\"wp-block-column is-vertically-aligned-left force :focus\" style=\"flex-basis:33.3%;\/* box-shadow: -1px 1px 1px 1px black; *\/background-color: #ffdfdf;\">\n<center><div class=\"wp-block-image size-thumbnail\"><figure class=\"aligncenter is-resized\"> <a href=\"https:\/\/asclub.edu.pl\/?page_id=41&amp;page=2\"><img loading=\"lazy\" decoding=\"async\" src=\"https:\/\/asclub.edu.pl\/wp-content\/uploads\/2020\/08\/IMG_0540-scaled.jpg\" alt=\"\" class=\"wp-image-210\" width=\"210\" height=\"117\" srcset=\"https:\/\/asclub.edu.pl\/wp-content\/uploads\/2020\/08\/IMG_0540-scaled.jpg 759w, https:\/\/asclub.edu.pl\/wp-content\/uploads\/2020\/08\/IMG_0540-scaled.jpg 300w\" sizes=\"(max-width: 180px) 100vw, 180px\"><\/a><figcaption><a href=\"https:\/\/asclub.edu.pl\/?page_id=41&amp;page=2\">Warsztaty matematyczne<\/a><\/figcaption><\/figure><\/center>\n<\/div>\n\n\n\n<div class=\"wp-block-column is-vertically-aligned-center\" style=\"flex-basis:33.3%\">\n<center><div class=\"wp-block-image size-thumbnail\"><figure class=\"aligncenter is-resized\"><a href=\"https:\/\/asclub.edu.pl\/?page_id=41&amp;page=3\"><img loading=\"lazy\" decoding=\"async\" src=\"https:\/\/asclub.edu.pl\/wp-content\/uploads\/2020\/08\/IMG_0550-scaled.jpg\" alt=\"\" class=\"wp-image-210\" width=\"210\" height=\"117\" srcset=\"https:\/\/asclub.edu.pl\/wp-content\/uploads\/2020\/08\/IMG_0550-scaled.jpg 759w, https:\/\/asclub.edu.pl\/wp-content\/uploads\/2020\/08\/IMG_0550-scaled.jpg 300w\" sizes=\"(max-width: 180px) 100vw, 180px\"><\/a><figcaption><a href=\"https:\/\/asclub.edu.pl\/?page_id=41&amp;page=3\">J\u0119zyk angielski\/hiszpa\u0144ski<\/a><\/figcaption><\/figure><\/div><\/center>\n\n\n\n<p><\/p>\n<\/div>\n\n\n\n<div class=\"wp-block-column is-vertically-aligned-top\" style=\"flex-basis:33.3%\">\n<center><div class=\"wp-block-image size-thumbnail\"><figure class=\"aligncenter size-large is-resized\"><a href=\"https:\/\/asclub.edu.pl\/?page_id=41&amp;page=4\"><img loading=\"lazy\" decoding=\"async\" src=\"https:\/\/asclub.edu.pl\/wp-content\/uploads\/2020\/06\/sala.png\" alt=\"\" class=\"wp-image-230\" width=\"210\" height=\"117\" srcset=\"https:\/\/asclub.edu.pl\/wp-content\/uploads\/2020\/06\/sala.png 759w, https:\/\/asclub.edu.pl\/wp-content\/uploads\/2020\/06\/sala-300x194.png 300w\" sizes=\"(max-width: 180px) 100vw, 180px\"><\/a><figcaption><a href=\"https:\/\/asclub.edu.pl\/?page_id=41&amp;page=4\">Zaj\u0119cia artystyczne<\/a><\/figcaption><\/figure><\/div><\/center>\n\n\n\n<p><\/p>\n<\/div>\n<\/div>\n\n\n\n<div class=\"wp-block-media-text alignwide\" style=\"grid-template-columns:15% auto\"><figure class=\"wp-block-media-text__media\"><img loading=\"lazy\" decoding=\"async\" width=\"174\" height=\"113\" src=\"http:\/\/192.168.0.117\/wp-content\/uploads\/2020\/06\/GRATIS.png\" alt=\"\" class=\"wp-image-285 size-full\"\/><\/figure><div class=\"wp-block-media-text__content\">\n<p class=\"has-vivid-red-color has-text-color has-normal-font-size\"><b>Na zaj\u0119cia odbieramy dzieci ze szko\u0142y, a po nich mog\u0105 one<br>korzysta\u0107 z naszej \u015bwietlicy oczekuj\u0105c na odbi\u00f3r rodzic\u00f3w.<\/b><\/p>\n\n\n\n<p><\/p>\n<\/div><\/div>\n\n\n\n<h2 class=\"has-text-align-center\">Warsztaty matematyczne<\/h2>\n\n\n<p>Zaj\u0119cia przeznaczone dla czterech grup wiekowych 6 latki, 7-8 latki, 9-10 latki, 11-12 latki, gdzie poprzez:<\/p>\n<p style=\"padding-left: 40px;\">\u2022 \u0142amig\u0142\u00f3wki,<br data-rich-text-line-break=\"true\">\u2022 do\u015bwiadczenia,<br data-rich-text-line-break=\"true\">\u2022 tw\u00f3rcze zabawy,<br data-rich-text-line-break=\"true\">\u2022 logik\u0119,<img loading=\"lazy\" decoding=\"async\" class=\"size-medium wp-image-528 alignright\" src=\"https:\/\/asclub.edu.pl\/wp-content\/uploads\/2020\/08\/IMG_0544-300x225.jpg\" alt=\"\" width=\"300\" height=\"225\" srcset=\"https:\/\/asclub.edu.pl\/wp-content\/uploads\/2020\/08\/IMG_0544-300x225.jpg 300w, https:\/\/asclub.edu.pl\/wp-content\/uploads\/2020\/08\/IMG_0544-1024x768.jpg 1024w, https:\/\/asclub.edu.pl\/wp-content\/uploads\/2020\/08\/IMG_0544-768x576.jpg 768w, https:\/\/asclub.edu.pl\/wp-content\/uploads\/2020\/08\/IMG_0544-1536x1152.jpg 1536w, https:\/\/asclub.edu.pl\/wp-content\/uploads\/2020\/08\/IMG_0544-2048x1536.jpg 2048w\" sizes=\"(max-width: 300px) 100vw, 300px\" \/><br data-rich-text-line-break=\"true\">\u2022 dedukcj\u0119,<br data-rich-text-line-break=\"true\">\u2022 gry matematyczne,<br data-rich-text-line-break=\"true\">\u2022 mnemotechniki<\/p>\n<p>rozwijamy i wspieramy umiej\u0119tno\u015bci:&nbsp;<\/p>\n<p style=\"padding-left: 40px;\">\u2022 my\u015blenia matematycznego,<br data-rich-text-line-break=\"true\">\u2022 koncentracji uwagi,<br data-rich-text-line-break=\"true\">\u2022 analizy problem\u00f3w,<br data-rich-text-line-break=\"true\">\u2022 logicznego i tw\u00f3rczego my\u015blenia,<br data-rich-text-line-break=\"true\">\u2022 samodzielnego rozwi\u0105zywania zada\u0144,<br data-rich-text-line-break=\"true\">\u2022 my\u015blenia operacyjnego,<br data-rich-text-line-break=\"true\">\u2022 koordynacji wzrokowo-ruchowej,<br data-rich-text-line-break=\"true\">\u2022 odporno\u015bci na niepowodzenia.<\/p>\n<blockquote>\n<p>Na zaj\u0119cia wprowadzamy elementy matematyki mentalnej- liczenie na SOROBANIE.<\/p>\n<\/blockquote>\n\n\n<h2 class=\"has-text-align-center wp-block-heading\">Akademia matematyczna<\/h2>\n\n\n\n<p>Zaj\u0119cia przeznaczone s\u0105 dla dzieci, kt\u00f3rych zainteresowanie &#8222;kr\u00f3low\u0105 nauk&#8221; wykracza poza program edukacji wczesnoszkolnej lub nawet program szko\u0142y podstawowej. Realizowany jest na warsztatach matematycznych z dostosowaniem do wieku odbiorcy.<br>Uczestnicy ws\u0142uchuj\u0105 si\u0119 w opowie\u015bci o \u017cyciu s\u0142awnych matematyk\u00f3w ich dzieci\u0144stwie, rodzinie, nauce. Dowiaduj\u0105, co odkryli i jakie to ma znaczenie dla nauki, \u015bwiata i nas samych.<br>W\u015br\u00f3d os\u00f3b, kt\u00f3re bli\u017cej poznamy b\u0119dzie Leonardo Fibonacci. Nauczymy si\u0119 tworzy\u0107 ci\u0105g Fibonacciego, rysowa\u0107 spirale zgodne z tym ci\u0105giem, szuka\u0107 &#8222;z\u0142otej proporcji&#8221;. W \u015bwiecie natury, architekturze, sztuce odnajdziemy my\u015bl Fibonacciego.<br>Podobnie b\u0119dzie w przypadku Carla Gaussa, od kt\u00f3rego nauczymy si\u0119: oblicza\u0107 sum\u0119 ci\u0105gu arytmetycznego, samodzielnie tworzy\u0107 jej wz\u00f3r og\u00f3lny, rysowa\u0107 &#8222;krzyw\u0105 dzwonow\u0105&#8221; i odczyta\u0107 z niej interesuj\u0105ce nas informacje o otaczaj\u0105cym nas \u015bwiecie. Poznamy czym jest statystyka i prawdopodobie\u0144stwo.<br>W zale\u017cno\u015bci od zainteresowania i mo\u017cliwo\u015bci dzieci przewiduje si\u0119 poznanie ok 4-5 s\u0142awnych matematyk\u00f3w, ich osi\u0105gni\u0119\u0107, teorii, a przede wszystkim zwi\u0105zku z naszym \u017cyciem. Wybierzemy ich w\u015br\u00f3d takich postaci jak: Archimedes, Arystoteles, Tales, Pitagoras, Newton, Pascal, Fibonacci, Gauss, Sierpi\u0144ski.<br>W trakcie zaj\u0119\u0107 opr\u00f3cz kart pracy dla dzieci prezentowany b\u0119dzie szeroki zakres materia\u0142\u00f3w filmowych, zdj\u0119\u0107, okaz\u00f3w \u015bwiata przyrody zwi\u0105zanych z omawianym zagadnieniem.<\/p>\n\n\n\n<h2 class=\"has-text-align-center wp-block-heading\">\u015awiat finans\u00f3w<\/h2>\n\n\n<p>W programie warsztat\u00f3w matematycznych zawarte s\u0105 tak\u017ce lekcje wprowadzaj\u0105ce w \u015bwiat finans\u00f3w osobistych i rodzinnych. Poznamy czym jest:<\/p>\n<p style=\"padding-left: 40px;\">\u2022 zarabianie,<br data-rich-text-line-break=\"true\">\u2022 wydawanie,<br data-rich-text-line-break=\"true\">\u2022 oszcz\u0119dzanie,<br data-rich-text-line-break=\"true\">\u2022 pomaganie.<\/p>\n\n\n<p>Dla uczni\u00f3w klas II, III, IV SP, od lutego intensywne przygotowanie do mi\u0119dzynarodowego konkursu Matematyczny Kangur. Dla klas III przygotowanie do testu trzecioklasisty.<br>Zaj\u0119cia prowadzi Joanna Gonia-Sikora, autorka wielu warsztat\u00f3w, szkole\u0144 &nbsp;i wyk\u0142ad\u00f3w dla rad pedagogicznych, nauczycieli matematyki i Stowarzyszenia Nauczycieli Matematyki. Specjalizuje si\u0119 w pracy z uczniami ze specjalnymi potrzebami edukacyjnymi. Wsp\u00f3\u0142autorka poradnik\u00f3w \u201eJak prowadzi\u0107 lekcje i nie zwariowa\u0107\u201d oraz materia\u0142\u00f3w projektu \u201eFonolandia\u201d.<\/p>\n\n\n\n<!--nextpage-->\n\n\n\n<div class=\"wp-block-columns\">\n<div class=\"wp-block-column is-vertically-aligned-left force :focus\" style=\"flex-basis:33.3%;\">\n<center><div class=\"wp-block-image size-thumbnail\"><figure class=\"aligncenter is-resized\"> <a href=\"https:\/\/asclub.edu.pl\/?page_id=41&amp;page=2\"><img loading=\"lazy\" decoding=\"async\" src=\"https:\/\/asclub.edu.pl\/wp-content\/uploads\/2020\/08\/IMG_0540-scaled.jpg\" alt=\"\" class=\"wp-image-210\" width=\"210\" height=\"117\" srcset=\"https:\/\/asclub.edu.pl\/wp-content\/uploads\/2020\/08\/IMG_0540-scaled.jpg 759w, https:\/\/asclub.edu.pl\/wp-content\/uploads\/2020\/08\/IMG_0540-scaled.jpg 300w\" sizes=\"(max-width: 180px) 100vw, 180px\"><\/a><figcaption><a href=\"https:\/\/asclub.edu.pl\/?page_id=41&amp;page=2\">Warsztaty matematyczne<\/a><\/figcaption><\/figure><\/center>\n<\/div>\n\n\n\n<div class=\"wp-block-column is-vertically-aligned-center\" style=\"flex-basis:33.3%; \/* box-shadow: -1px 1px 1px 1px black; *\/background-color: #ffdfdf;\">\n<center><div class=\"wp-block-image size-thumbnail\"><figure class=\"aligncenter is-resized\"><a href=\"https:\/\/asclub.edu.pl\/?page_id=41&amp;page=3\"><img loading=\"lazy\" decoding=\"async\" src=\"https:\/\/asclub.edu.pl\/wp-content\/uploads\/2020\/08\/IMG_0550-scaled.jpg\" alt=\"\" class=\"wp-image-210\" width=\"210\" height=\"117\" srcset=\"https:\/\/asclub.edu.pl\/wp-content\/uploads\/2020\/08\/IMG_0550-scaled.jpg 759w, https:\/\/asclub.edu.pl\/wp-content\/uploads\/2020\/08\/IMG_0550-scaled.jpg 300w\" sizes=\"(max-width: 180px) 100vw, 180px\"><\/a><figcaption><a href=\"https:\/\/asclub.edu.pl\/?page_id=41&amp;page=3\">J\u0119zyk angielski\/hiszpa\u0144ski<\/a><\/figcaption><\/figure><\/div><\/center>\n\n\n\n<p><\/p>\n<\/div>\n\n\n\n<div class=\"wp-block-column is-vertically-aligned-top\" style=\"flex-basis:33.3%\">\n<center><div class=\"wp-block-image size-thumbnail\"><figure class=\"aligncenter size-large is-resized\"><a href=\"https:\/\/asclub.edu.pl\/?page_id=41&amp;page=4\"><img loading=\"lazy\" decoding=\"async\" src=\"https:\/\/asclub.edu.pl\/wp-content\/uploads\/2020\/06\/sala.png\" alt=\"\" class=\"wp-image-230\" width=\"210\" height=\"117\" srcset=\"https:\/\/asclub.edu.pl\/wp-content\/uploads\/2020\/06\/sala.png 759w, https:\/\/asclub.edu.pl\/wp-content\/uploads\/2020\/06\/sala-300x194.png 300w\" sizes=\"(max-width: 180px) 100vw, 180px\"><\/a><figcaption><a href=\"https:\/\/asclub.edu.pl\/?page_id=41&amp;page=4\">Zaj\u0119cia artystyczne<\/a><\/figcaption><\/figure><\/div><\/center>\n\n\n\n<p><\/p>\n<\/div>\n<\/div>\n\n\n\n<div class=\"wp-block-media-text alignwide\" style=\"grid-template-columns:15% auto\"><figure class=\"wp-block-media-text__media\"><img loading=\"lazy\" decoding=\"async\" width=\"174\" height=\"113\" src=\"http:\/\/192.168.0.117\/wp-content\/uploads\/2020\/06\/GRATIS.png\" alt=\"\" class=\"wp-image-285 size-full\"\/><\/figure><div class=\"wp-block-media-text__content\">\n<p class=\"has-vivid-red-color has-text-color has-normal-font-size\"><b>Na zaj\u0119cia odbieramy dzieci ze szko\u0142y, a po nich mog\u0105 one<br>korzysta\u0107 z naszej \u015bwietlicy oczekuj\u0105c na odbi\u00f3r rodzic\u00f3w.<\/b><\/p>\n<\/div><\/div>\n\n\n\n<h2 class=\"has-text-align-center wp-block-heading\">Nauka j\u0119zyka angielskiego i hiszpa\u0144skiego<\/h2>\n\n\n<p>After School Club specjalizuje si\u0119 w uczeniu j\u0119zyka angielskiego i hiszpa\u0144skiego na wszystkich poziomach zaawansowania, dla r\u00f3\u017cnych grup wiekowych &#8211; dzieci, m\u0142odzie\u017cy i doros\u0142ych.<br>Zaj\u0119cia prowadzone s\u0105 w grupach 6-8 os\u00f3b, co pozwala pozna\u0107 potrzeby i dostosowa\u0107 metody pracy do ka\u017cdego dziecka.<\/p>\n<p>Pracujemy na najnowszych materia\u0142ach: podr\u0119cznikach, \u0107wiczeniach, repetytoriach wydawnictwa OXFORD. Najm\u0142odsze dzieci (5-7 latki) pracuj\u0105 na autorskich materia\u0142ach dostosowanych do poziomu i potrzeb grupy. Materia\u0142y multimedialne udost\u0119pniamy dzieciom i rodzicom. Bie\u017c\u0105cy kontakt z lektorem umo\u017cliwia monitorowanie post\u0119p\u00f3w w nauce.<\/p>\n<p>Ucze\u0144 ma do dyspozycji:<\/p>\n<p style=\"padding-left: 40px;\">\u2022 Materia\u0142y \u2013 zeszyty \u0107wicze\u0144 i karty pracy,<br>\u2022 P\u0142yty CD,<br>\u2022 Przesy\u0142ane linki do materia\u0142\u00f3w muzycznych i filmowych,<br>\u2022 Biblioteczk\u0119 ksi\u0105\u017cek w j\u0119zykach obcych,<br>\u2022 Dost\u0119p do platformy multimedialnej.<\/p>\n<p>Nie wyobra\u017camy sobie pracy bez film\u00f3w video, s\u0142uchowisk, piosenek, rymowanek, wierszy, zabaw ruchowych, gier prowadzonych w j\u0119zyku angielskim. Nie unikamy pe\u0142nych emocji zabaw, odgrywania scenek, dramy, uk\u0142adania r\u00f3l przy wprowadzaniu nowych tre\u015bci. Stosujemy du\u017co mnemotechnik (np. wykre\u015blanki, rymowanki), ale tak\u017ce wdra\u017camy do samodzielnego ich tworzenia (uk\u0142adanie krzy\u017c\u00f3wek, zagadek graficznych). Dzi\u0119ki temu nauka j\u0119zyka staje si\u0119 zabaw\u0105 i wielk\u0105 przygod\u0105 w poznawaniu \u015bwiata.&nbsp;<\/p>\n<p><img loading=\"lazy\" decoding=\"async\" class=\" wp-image-373 aligncenter\" src=\"http:\/\/ofyddce.cluster028.hosting.ovh.net\/wp-content\/uploads\/2020\/06\/krzes\u0142a-300x225.jpg\" alt=\"\" width=\"255\" height=\"191\" srcset=\"https:\/\/asclub.edu.pl\/wp-content\/uploads\/2020\/06\/krzes\u0142a-300x225.jpg 300w, https:\/\/asclub.edu.pl\/wp-content\/uploads\/2020\/06\/krzes\u0142a-1024x768.jpg 1024w, https:\/\/asclub.edu.pl\/wp-content\/uploads\/2020\/06\/krzes\u0142a-768x576.jpg 768w, https:\/\/asclub.edu.pl\/wp-content\/uploads\/2020\/06\/krzes\u0142a-1536x1152.jpg 1536w, https:\/\/asclub.edu.pl\/wp-content\/uploads\/2020\/06\/krzes\u0142a-2048x1536.jpg 2048w\" sizes=\"(max-width: 255px) 100vw, 255px\" \/><\/p>\n<p>Potrzebujemy do tego wyj\u0105tkowych warunk\u00f3w, kt\u00f3rych nie daj\u0105 klasy szkolne. W tarcie zaj\u0119\u0107 nasi uczniowie korzystaj\u0105 z sali zabaw i sali j\u0119zykowej. Sala zabaw wyposa\u017cona jest w kanapy, dywan, stoliczki i du\u017cy st\u00f3\u0142 do prac pisemnych, sklepik\/kawiarenk\u0119, biblioteczk\u0119, domki dla lalek, instrumenty muzyczne, farm\u0119 itd. Wszystko to pomaga nam w bardziej spontaniczny i naturalny spos\u00f3b pokona\u0107 u dzieci barier\u0119 m\u00f3wienia w obcym j\u0119zyku. Prace pisemne wykonywane s\u0105 w specjalnie przygotowanej sali j\u0119zykowej, gdzie nic nie rozprasza uwagi dziecka i pozwala skupi\u0107 si\u0119 na wykonaniu zada\u0144.<\/p>\n<p>Warunki w naszej \u015bwietlicy sprawiaj\u0105, \u017ce nauka j\u0119zyka jest nie tylko przyjemna, ale i skuteczna.<br>Prac\u0119 w ci\u0105gu roku szkolnego uzupe\u0142niamy ofert\u0105 ferii i wakacji z angielskim.<\/p>\n\n\n<!--nextpage-->\n\n\n\n<div class=\"wp-block-columns\">\n<div class=\"wp-block-column is-vertically-aligned-left force :focus\" style=\"flex-basis:33.3%;\">\n<center><div class=\"wp-block-image size-thumbnail\"><figure class=\"aligncenter is-resized\"> <a href=\"https:\/\/asclub.edu.pl\/?page_id=41&amp;page=2\"><img loading=\"lazy\" decoding=\"async\" src=\"https:\/\/asclub.edu.pl\/wp-content\/uploads\/2020\/08\/IMG_0540-scaled.jpg\" alt=\"\" class=\"wp-image-210\" width=\"210\" height=\"117\" srcset=\"https:\/\/asclub.edu.pl\/wp-content\/uploads\/2020\/08\/IMG_0540-scaled.jpg 759w, https:\/\/asclub.edu.pl\/wp-content\/uploads\/2020\/08\/IMG_0540-scaled.jpg 300w\" sizes=\"(max-width: 180px) 100vw, 180px\"><\/a><figcaption><a href=\"https:\/\/asclub.edu.pl\/?page_id=41&amp;page=2\">Warsztaty matematyczne<\/a><\/figcaption><\/figure><\/center>\n<\/div>\n\n\n\n<div class=\"wp-block-column is-vertically-aligned-center\" style=\"flex-basis:33.3%\">\n<center><div class=\"wp-block-image size-thumbnail\"><figure class=\"aligncenter is-resized\"><a href=\"https:\/\/asclub.edu.pl\/?page_id=41&amp;page=3\"><img loading=\"lazy\" decoding=\"async\" src=\"https:\/\/asclub.edu.pl\/wp-content\/uploads\/2020\/08\/IMG_0550-scaled.jpg\" alt=\"\" class=\"wp-image-210\" width=\"210\" height=\"117\" srcset=\"https:\/\/asclub.edu.pl\/wp-content\/uploads\/2020\/08\/IMG_0550-scaled.jpg 759w, https:\/\/asclub.edu.pl\/wp-content\/uploads\/2020\/08\/IMG_0550-scaled.jpg 300w\" sizes=\"(max-width: 180px) 100vw, 180px\"><\/a><figcaption><a href=\"https:\/\/asclub.edu.pl\/?page_id=41&amp;page=3\">J\u0119zyk angielski\/hiszpa\u0144ski<\/a><\/figcaption><\/figure><\/div><\/center>\n\n\n\n<p><\/p>\n<\/div>\n\n\n\n<div class=\"wp-block-column is-vertically-aligned-top\" style=\"flex-basis:33.3%; \/* box-shadow: -1px 1px 1px 1px black; *\/background-color: #ffdfdf;\">\n<center><div class=\"wp-block-image size-thumbnail\"><figure class=\"aligncenter size-large is-resized\"><a href=\"https:\/\/asclub.edu.pl\/?page_id=41&amp;page=4\"><img loading=\"lazy\" decoding=\"async\" src=\"https:\/\/asclub.edu.pl\/wp-content\/uploads\/2020\/06\/sala.png\" alt=\"\" class=\"wp-image-230\" width=\"210\" height=\"117\" srcset=\"https:\/\/asclub.edu.pl\/wp-content\/uploads\/2020\/06\/sala.png 759w, https:\/\/asclub.edu.pl\/wp-content\/uploads\/2020\/06\/sala-300x194.png 300w\" sizes=\"(max-width: 180px) 100vw, 180px\"><\/a><figcaption><a href=\"https:\/\/asclub.edu.pl\/?page_id=41&amp;page=4\">Zaj\u0119cia artystyczne<\/a><\/figcaption><\/figure><\/div><\/center>\n\n\n\n<p><\/p>\n<\/div>\n<\/div>\n\n\n\n<h2 class=\"has-text-align-center wp-block-heading\">Zaj\u0119cia artystyczne<\/h2>\n\n\n\n<p class=\"has-text-align-center has-medium-font-size\">Zapraszamy na zaj\u0119cia taneczne i plastyczne dla dzieci.<\/p>\n\n\n\n<figure class=\"wp-block-image size-full\"><img loading=\"lazy\" decoding=\"async\" width=\"940\" height=\"788\" src=\"https:\/\/asclub.edu.pl\/wp-content\/uploads\/2022\/08\/zajecia-plastyczne.png\" alt=\"\" class=\"wp-image-613\" srcset=\"https:\/\/asclub.edu.pl\/wp-content\/uploads\/2022\/08\/zajecia-plastyczne.png 940w, https:\/\/asclub.edu.pl\/wp-content\/uploads\/2022\/08\/zajecia-plastyczne-300x251.png 300w, https:\/\/asclub.edu.pl\/wp-content\/uploads\/2022\/08\/zajecia-plastyczne-768x644.png 768w\" sizes=\"(max-width: 940px) 100vw, 940px\" \/><\/figure>\n","protected":false},"excerpt":{"rendered":"<p>Warsztaty matematyczne J\u0119zyk angielski\/hiszpa\u0144ski Zaj\u0119cia artystyczne<\/p>\n","protected":false},"author":2,"featured_media":0,"parent":0,"menu_order":0,"comment_status":"closed","ping_status":"closed","template":"","meta":{"footnotes":""},"class_list":["post-41","page","type-page","status-publish","hentry"],"_links":{"self":[{"href":"https:\/\/asclub.edu.pl\/index.php?rest_route=\/wp\/v2\/pages\/41"}],"collection":[{"href":"https:\/\/asclub.edu.pl\/index.php?rest_route=\/wp\/v2\/pages"}],"about":[{"href":"https:\/\/asclub.edu.pl\/index.php?rest_route=\/wp\/v2\/types\/page"}],"author":[{"embeddable":true,"href":"https:\/\/asclub.edu.pl\/index.php?rest_route=\/wp\/v2\/users\/2"}],"replies":[{"embeddable":true,"href":"https:\/\/asclub.edu.pl\/index.php?rest_route=%2Fwp%2Fv2%2Fcomments&post=41"}],"version-history":[{"count":226,"href":"https:\/\/asclub.edu.pl\/index.php?rest_route=\/wp\/v2\/pages\/41\/revisions"}],"predecessor-version":[{"id":617,"href":"https:\/\/asclub.edu.pl\/index.php?rest_route=\/wp\/v2\/pages\/41\/revisions\/617"}],"wp:attachment":[{"href":"https:\/\/asclub.edu.pl\/index.php?rest_route=%2Fwp%2Fv2%2Fmedia&parent=41"}],"curies":[{"name":"wp","href":"https:\/\/api.w.org\/{rel}","templated":true}]}}